{"id":49,"date":"2017-04-21T11:51:05","date_gmt":"2017-04-21T10:51:05","guid":{"rendered":"http:\/\/pyromagic.de\/?page_id=49"},"modified":"2022-03-01T12:42:20","modified_gmt":"2022-03-01T11:42:20","slug":"impressum","status":"publish","type":"page","link":"https:\/\/www.pyromagic.de\/?page_id=49","title":{"rendered":"Impressum"},"content":{"rendered":"<p>Mit Bezug auf unten genannte gesetzliche Vorschriften mache ich folgende Angaben:<\/p>\n<p>Diese Seite ist die Internetdomain der Firma PYROMAGIC Inh. Ingo Bischoff aus 56564 Neuwied, die \u00fcber http:\/\/www.pyromagic.de zu erreichen ist. Die Domain dient der Pr\u00e4sentation der Firma selbst und damit der kommerziellen Kommunikation und gewerblichen Zwecken.<\/p>\n<p>Anschrift:<\/p>\n<p><strong>PYROMAGIC Inh. Ingo Bischoff<br \/>\nRobert \u2013 Krups \u2013 Str. 12,<br \/>\n56564 Neuwied, Deutschland<\/strong><\/p>\n<p>Vertretungsberechtigt ist der Inhaber, <strong>Herr Ingo Bischoff<\/strong><\/p>\n<p>eMail des Inhabers: ingo@pyromagic.de<\/p>\n<p>Die Firma PYROMAGIC Inh. Ingo Bischoff hat nur eine Niederlassung und damit auch nur eine<br \/>\nGesch\u00e4ftsanschrift, die f\u00fcr alle Anl\u00e4sse Verwendung finden kann. Diese Anschrift gilt somit ebenfalls<br \/>\nf\u00fcr Beanstandungen, Kundendienst und als ladungsf\u00e4hige Anschrift.<\/p>\n<p>Telefon: +49-(0)2631 &#8211; 31326<br \/>\nTelefax: +49-(0)2631 &#8211; 358550<br \/>\neMail-Adresse: info@pyromagic.de<\/p>\n<p>Aufsichtsbeh\u00f6rde ist die Struktur und Genehmigungsdirektion Nord, Regionalstelle Gewerbeaufsicht<br \/>\nKoblenz<\/p>\n<p>Die Firma PYROMAGIC Inh. Ingo Bischoff ist Mitglied der Industrie- und Handelskammer Koblenz<\/p>\n<p>Umsatzsteuer-Identifikations-Nr.: DE 257 576 186<br \/>\nSteuer-Nummer: 32\/015\/5559\/0<\/p>\n<p>Die hier gegebenen Informationen erfolgten zur Erf\u00fcllung nachfolgend genannter gesetzlicher Verpflichtungen:<\/p>\n<p>* \u00a7 6 und \u00a7 7 Teledienstegesetz (TDG)<br \/>\n* \u00a7 4 Abs. 3 Bundesdatenschutzgesetz (BDSG)<br \/>\n* \u00a7 312c B\u00fcrgerliches Gesetzbuch (BGB)<br \/>\n* \u00a7 1 BGB-Informationspflichten-Verordnung (BGB-InfoV)<\/p>\n<p># Obige Hervorhebungen bzgl. der Anschrift und der Benennung des Vertretungsberechtigen in fetter Schrift erfolgten mit Bezug auf die Hervorhebungs-Verpflichtung gem\u00e4\u00df \u00a7 1 Abs. 3 BGB-InfoV. Die Informationen dieser Seite sind leicht erkennbar und unmittelbar erreichbar und werden von der Firma PYROMAGIC Inh. Ingo Bischoff st\u00e4ndig verf\u00fcgbar gehalten. Dies entspricht der gesetzlichen Auflage gem\u00e4\u00df \u00a7 6 TDG.<\/p>\n<p>Mit Bezug auf \u00a7 6 Mediendienste-Staatsvertrag (MDStV) mache ich erg\u00e4nzend folgende Angabe: Verantwortlich f\u00fcr journalistisch-redaktionell gestaltete Angebote ist Herr Ingo Bischoff, Robert \u2013 Krups \u2013 Str. 12, 56564 Neuwied, Deutschland<\/p>\n","protected":false},"excerpt":{"rendered":"<p>Mit Bezug auf unten genannte gesetzliche Vorschriften mache ich folgende Angaben: Diese Seite ist die Internetdomain der Firma PYROMAGIC Inh. Ingo Bischoff aus 56564 Neuwied, die \u00fcber http:\/\/www.pyromagic.de zu erreichen ist. Die Domain dient der Pr\u00e4sentation der Firma selbst und damit der kommerziellen Kommunikation und gewerblichen Zwecken. Anschrift: PYROMAGIC Inh. Ingo Bischoff Robert \u2013 Krups \u2013 Str. 12, 56564 Neuwied, Deutschland Vertretungsberechtigt ist der Inhaber, Herr Ingo Bischoff eMail des Inhabers: ingo@pyromagic.de Die Firma PYROMAGIC Inh. Ingo Bischoff hat nur eine Niederlassung und damit auch nur eine Gesch\u00e4ftsanschrift, die f\u00fcr alle Anl\u00e4sse Verwendung finden kann. Diese Anschrift gilt somit ebenfalls f\u00fcr [&hellip;]<\/p>\n","protected":false},"author":1,"featured_media":0,"parent":0,"menu_order":0,"comment_status":"closed","ping_status":"closed","template":"template-full-width.php","meta":{"_crdt_document":"","footnotes":""},"class_list":["post-49","page","type-page","status-publish","hentry"],"_links":{"self":[{"href":"https:\/\/www.pyromagic.de\/index.php?rest_route=\/wp\/v2\/pages\/49","targetHints":{"allow":["GET"]}}],"collection":[{"href":"https:\/\/www.pyromagic.de\/index.php?rest_route=\/wp\/v2\/pages"}],"about":[{"href":"https:\/\/www.pyromagic.de\/index.php?rest_route=\/wp\/v2\/types\/page"}],"author":[{"embeddable":true,"href":"https:\/\/www.pyromagic.de\/index.php?rest_route=\/wp\/v2\/users\/1"}],"replies":[{"embeddable":true,"href":"https:\/\/www.pyromagic.de\/index.php?rest_route=%2Fwp%2Fv2%2Fcomments&post=49"}],"version-history":[{"count":4,"href":"https:\/\/www.pyromagic.de\/index.php?rest_route=\/wp\/v2\/pages\/49\/revisions"}],"predecessor-version":[{"id":753,"href":"https:\/\/www.pyromagic.de\/index.php?rest_route=\/wp\/v2\/pages\/49\/revisions\/753"}],"wp:attachment":[{"href":"https:\/\/www.pyromagic.de\/index.php?rest_route=%2Fwp%2Fv2%2Fmedia&parent=49"}],"curies":[{"name":"wp","href":"https:\/\/api.w.org\/{rel}","templated":true}]}}