{"id":45,"date":"2017-04-21T12:50:40","date_gmt":"2017-04-21T10:50:40","guid":{"rendered":"http:\/\/pyromagic.de\/?page_id=45"},"modified":"2024-01-10T23:25:15","modified_gmt":"2024-01-10T22:25:15","slug":"vertrieb","status":"publish","type":"page","link":"https:\/\/www.pyromagic.de\/?page_id=45","title":{"rendered":"Produktsortiment"},"content":{"rendered":"<div id=\"pl-45\"  class=\"panel-layout\" ><div id=\"pg-45-0\"  class=\"panel-grid panel-no-style\" ><div id=\"pgc-45-0-0\"  class=\"panel-grid-cell\" ><div id=\"panel-45-0-0-0\" class=\"so-panel widget widget_text panel-first-child\" data-index=\"0\" ><h3 class=\"widget-title\">Nebelmaschinen von SMOKE FACTORY<\/h3>\t\t\t<div class=\"textwidget\"><ul>\n<li>Nebelmaschinen<\/li>\n<li>Bodennebelmaschinen<\/li>\n<li>Akku &#8211; Nebelmaschinen<\/li>\n<li>Nebelfluid<\/li>\n<li>Zubeh\u00f6r<\/li>\n<\/ul>\n<\/div>\n\t\t<\/div><div id=\"panel-45-0-0-1\" class=\"so-panel widget widget_text panel-last-child\" data-index=\"1\" ><h3 class=\"widget-title\">Laser von LASERWORLD<\/h3>\t\t\t<div class=\"textwidget\"><ul>\n<li>Showlaser<\/li>\n<li>Lasersteuerung<\/li>\n<li>Zubeh\u00f6r<\/li>\n<\/ul>\n<\/div>\n\t\t<\/div><\/div><div id=\"pgc-45-0-1\"  class=\"panel-grid-cell\" ><div id=\"panel-45-0-1-0\" class=\"so-panel widget widget_text panel-first-child\" data-index=\"2\" ><h3 class=\"widget-title\">Pyrotechnik<\/h3>\t\t\t<div class=\"textwidget\"><ul>\n<li>B\u00fchnenpyrotechnik<\/li>\n<li>Silvesterfeuerwerk<\/li>\n<li>Schwarzpulver<\/li>\n<li>Spezialsprengstoff<\/li>\n<li>Sprengz\u00fcnder<\/li>\n<li>Filmeffektz\u00fcnder<\/li>\n<li>E-Z\u00fcnder<\/li>\n<li>Z\u00fcndschn\u00fcre<\/li>\n<li>Rauchpatronen<\/li>\n<li>Bengalische Lichter<\/li>\n<li>Brand -pasten\/ -fl\u00fcssigkeiten\/ -gele<\/li>\n<li>Wachsfackeln<\/li>\n<li>Gartenkerzen<\/li>\n<li>Z\u00fcndsysteme f\u00fcr Feuerwerke<\/li>\n<li>Zubeh\u00f6r<\/li>\n<\/ul>\n<\/div>\n\t\t<\/div><div id=\"panel-45-0-1-1\" class=\"so-panel widget widget_text panel-last-child\" data-index=\"3\" ><h3 class=\"widget-title\">Spezialeffekte<\/h3>\t\t\t<div class=\"textwidget\"><ul>\n<li>Druckgasbetriebene Konfettishooter<\/li>\n<li>Seifenblasenmaschinen ( auf Anfrage )<\/li>\n<li>Konfettigebl\u00e4se<\/li>\n<li>CO\u00b2- \/ Stickstoffjets<\/li>\n<li>Zubeh\u00f6r<\/li>\n<\/ul>\n<\/div>\n\t\t<\/div><\/div><\/div><div id=\"pg-45-1\"  class=\"panel-grid panel-no-style\" ><div id=\"pgc-45-1-0\"  class=\"panel-grid-cell panel-grid-cell-empty\" ><\/div><\/div><div id=\"pg-45-2\"  class=\"panel-grid panel-no-style\" ><div id=\"pgc-45-2-0\"  class=\"panel-grid-cell panel-grid-cell-empty\" ><\/div><\/div><div id=\"pg-45-3\"  class=\"panel-grid panel-no-style\" ><div id=\"pgc-45-3-0\"  class=\"panel-grid-cell\" ><div id=\"panel-45-3-0-0\" class=\"so-panel widget widget_sow-button panel-first-child panel-last-child\" data-index=\"4\" ><div\n\t\t\t\n\t\t\tclass=\"so-widget-sow-button so-widget-sow-button-atom-f54c0409268f-45\"\n\t\t\t\n\t\t><div class=\"ow-button-base ow-button-align-center\"\n>\n\t\t\t<a\n\t\t\t\t\thref=\"https:\/\/www.pyromagic.de\/?sdm_downloads=preisliste\"\n\t\t\t\t\tclass=\"sowb-button ow-icon-placement-left ow-button-hover\" \t>\n\t\t<span>\n\t\t\t\n\t\t\tPreisliste als PDF\t\t<\/span>\n\t\t\t<\/a>\n\t<\/div>\n<\/div><\/div><\/div><\/div><\/div>","protected":false},"excerpt":{"rendered":"<p>Nebelmaschinen Bodennebelmaschinen Akku &#8211; Nebelmaschinen Nebelfluid Zubeh\u00f6r Showlaser Lasersteuerung Zubeh\u00f6r B\u00fchnenpyrotechnik Silvesterfeuerwerk Schwarzpulver Spezialsprengstoff Sprengz\u00fcnder Filmeffektz\u00fcnder E-Z\u00fcnder Z\u00fcndschn\u00fcre Rauchpatronen Bengalische Lichter Brand -pasten\/ -fl\u00fcssigkeiten\/ -gele Wachsfackeln Gartenkerzen Z\u00fcndsysteme f\u00fcr Feuerwerke Zubeh\u00f6r Druckgasbetriebene Konfettishooter Seifenblasenmaschinen ( auf Anfrage ) Konfettigebl\u00e4se CO\u00b2- \/ Stickstoffjets Zubeh\u00f6r<\/p>\n","protected":false},"author":1,"featured_media":0,"parent":386,"menu_order":0,"comment_status":"closed","ping_status":"closed","template":"template-full-width.php","meta":{"_crdt_document":"","footnotes":""},"class_list":["post-45","page","type-page","status-publish","hentry"],"_links":{"self":[{"href":"https:\/\/www.pyromagic.de\/index.php?rest_route=\/wp\/v2\/pages\/45","targetHints":{"allow":["GET"]}}],"collection":[{"href":"https:\/\/www.pyromagic.de\/index.php?rest_route=\/wp\/v2\/pages"}],"about":[{"href":"https:\/\/www.pyromagic.de\/index.php?rest_route=\/wp\/v2\/types\/page"}],"author":[{"embeddable":true,"href":"https:\/\/www.pyromagic.de\/index.php?rest_route=\/wp\/v2\/users\/1"}],"replies":[{"embeddable":true,"href":"https:\/\/www.pyromagic.de\/index.php?rest_route=%2Fwp%2Fv2%2Fcomments&post=45"}],"version-history":[{"count":31,"href":"https:\/\/www.pyromagic.de\/index.php?rest_route=\/wp\/v2\/pages\/45\/revisions"}],"predecessor-version":[{"id":896,"href":"https:\/\/www.pyromagic.de\/index.php?rest_route=\/wp\/v2\/pages\/45\/revisions\/896"}],"up":[{"embeddable":true,"href":"https:\/\/www.pyromagic.de\/index.php?rest_route=\/wp\/v2\/pages\/386"}],"wp:attachment":[{"href":"https:\/\/www.pyromagic.de\/index.php?rest_route=%2Fwp%2Fv2%2Fmedia&parent=45"}],"curies":[{"name":"wp","href":"https:\/\/api.w.org\/{rel}","templated":true}]}}