{"id":43,"date":"2017-04-21T12:50:25","date_gmt":"2017-04-21T10:50:25","guid":{"rendered":"http:\/\/pyromagic.de\/?page_id=43"},"modified":"2020-11-09T22:23:20","modified_gmt":"2020-11-09T21:23:20","slug":"service","status":"publish","type":"page","link":"https:\/\/www.pyromagic.de\/?page_id=43","title":{"rendered":"Service"},"content":{"rendered":"<div id=\"pl-43\"  class=\"panel-layout\" ><div id=\"pg-43-0\"  class=\"panel-grid panel-no-style\" ><div id=\"pgc-43-0-0\"  class=\"panel-grid-cell\" ><div id=\"panel-43-0-0-0\" class=\"so-panel widget widget_text panel-first-child\" data-index=\"0\" >\t\t\t<div class=\"textwidget\"><ul>\n<li>Durchf\u00fchrung von Feuerwerken f\u00fcr Hochzeiten, Geburtstage, \u00f6ffentliche Veranstaltungen, Firmenfeiern u.v.m.<\/li>\n<li>Durchf\u00fchrung von B\u00fchnenfeuerwerken f\u00fcr Bandauftritte, Produktpr\u00e4sentationen, Diskotheken<\/li>\n<li>Durchf\u00fchrung von Spezialeffekten f\u00fcr Film\u2013 und Fernsehen, Theater, Werbevideo \u2026.<\/li>\n<\/ul>\n<\/div>\n\t\t<\/div><div id=\"panel-43-0-0-1\" class=\"so-panel widget widget_sow-image panel-last-child\" data-index=\"1\" ><div\n\t\t\t\n\t\t\tclass=\"so-widget-sow-image so-widget-sow-image-default-8b5b6f678277-43\"\n\t\t\t\n\t\t>\n<div class=\"sow-image-container\">\n\t\t<img \n\tsrc=\"https:\/\/www.pyromagic.de\/wp-content\/uploads\/2020\/11\/Feuerball.jpg\" width=\"377\" height=\"394\" srcset=\"https:\/\/www.pyromagic.de\/wp-content\/uploads\/2020\/11\/Feuerball.jpg 377w, https:\/\/www.pyromagic.de\/wp-content\/uploads\/2020\/11\/Feuerball-287x300.jpg 287w\" sizes=\"(max-width: 377px) 100vw, 377px\" title=\"Explosionssimulation\" alt=\"FeuerballSFX\" \t\tclass=\"so-widget-image\"\/>\n\t<\/div>\n\n<\/div><\/div><\/div><div id=\"pgc-43-0-1\"  class=\"panel-grid-cell\" ><div id=\"panel-43-0-1-0\" class=\"so-panel widget widget_sow-image panel-first-child\" data-index=\"2\" ><div\n\t\t\t\n\t\t\tclass=\"so-widget-sow-image so-widget-sow-image-default-8b5b6f678277-43\"\n\t\t\t\n\t\t>\n<div class=\"sow-image-container\">\n\t\t<img \n\tsrc=\"https:\/\/www.pyromagic.de\/wp-content\/uploads\/2018\/07\/IMG_7080-e1532873070965.jpg\" width=\"2448\" height=\"3264\" srcset=\"https:\/\/www.pyromagic.de\/wp-content\/uploads\/2018\/07\/IMG_7080-e1532873070965.jpg 2448w, https:\/\/www.pyromagic.de\/wp-content\/uploads\/2018\/07\/IMG_7080-e1532873070965-225x300.jpg 225w, https:\/\/www.pyromagic.de\/wp-content\/uploads\/2018\/07\/IMG_7080-e1532873070965-768x1024.jpg 768w\" sizes=\"(max-width: 2448px) 100vw, 2448px\" title=\"IMG_7080\" alt=\"\" \t\tclass=\"so-widget-image\"\/>\n\t<\/div>\n\n<\/div><\/div><div id=\"panel-43-0-1-1\" class=\"so-panel widget widget_sow-image\" data-index=\"3\" ><div\n\t\t\t\n\t\t\tclass=\"so-widget-sow-image so-widget-sow-image-default-8b5b6f678277-43\"\n\t\t\t\n\t\t>\n<div class=\"sow-image-container\">\n\t\t<img \n\tsrc=\"https:\/\/www.pyromagic.de\/wp-content\/uploads\/2017\/04\/13900178_1469013549791299_1704233797727939268_n.jpg\" width=\"960\" height=\"720\" srcset=\"https:\/\/www.pyromagic.de\/wp-content\/uploads\/2017\/04\/13900178_1469013549791299_1704233797727939268_n.jpg 960w, https:\/\/www.pyromagic.de\/wp-content\/uploads\/2017\/04\/13900178_1469013549791299_1704233797727939268_n-300x225.jpg 300w, https:\/\/www.pyromagic.de\/wp-content\/uploads\/2017\/04\/13900178_1469013549791299_1704233797727939268_n-768x576.jpg 768w\" sizes=\"(max-width: 960px) 100vw, 960px\" alt=\"\" \t\tclass=\"so-widget-image\"\/>\n\t<\/div>\n\n<\/div><\/div><div id=\"panel-43-0-1-2\" class=\"so-panel widget widget_sow-image panel-last-child\" data-index=\"4\" ><div\n\t\t\t\n\t\t\tclass=\"so-widget-sow-image so-widget-sow-image-default-8b5b6f678277-43\"\n\t\t\t\n\t\t>\n<div class=\"sow-image-container\">\n\t\t<img \n\tsrc=\"https:\/\/www.pyromagic.de\/wp-content\/uploads\/2017\/04\/1918000_1283744051651584_8077645006427581865_n.jpg\" width=\"960\" height=\"720\" srcset=\"https:\/\/www.pyromagic.de\/wp-content\/uploads\/2017\/04\/1918000_1283744051651584_8077645006427581865_n.jpg 960w, https:\/\/www.pyromagic.de\/wp-content\/uploads\/2017\/04\/1918000_1283744051651584_8077645006427581865_n-300x225.jpg 300w, https:\/\/www.pyromagic.de\/wp-content\/uploads\/2017\/04\/1918000_1283744051651584_8077645006427581865_n-768x576.jpg 768w\" sizes=\"(max-width: 960px) 100vw, 960px\" alt=\"\" \t\tclass=\"so-widget-image\"\/>\n\t<\/div>\n\n<\/div><\/div><\/div><\/div><\/div>","protected":false},"excerpt":{"rendered":"<p>Durchf\u00fchrung von Feuerwerken f\u00fcr Hochzeiten, Geburtstage, \u00f6ffentliche Veranstaltungen, Firmenfeiern u.v.m. Durchf\u00fchrung von B\u00fchnenfeuerwerken f\u00fcr Bandauftritte, Produktpr\u00e4sentationen, Diskotheken Durchf\u00fchrung von Spezialeffekten f\u00fcr Film\u2013 und Fernsehen, Theater, Werbevideo \u2026.<\/p>\n","protected":false},"author":1,"featured_media":0,"parent":0,"menu_order":0,"comment_status":"closed","ping_status":"closed","template":"template-full-width.php","meta":{"_crdt_document":"","footnotes":""},"class_list":["post-43","page","type-page","status-publish","hentry"],"_links":{"self":[{"href":"https:\/\/www.pyromagic.de\/index.php?rest_route=\/wp\/v2\/pages\/43","targetHints":{"allow":["GET"]}}],"collection":[{"href":"https:\/\/www.pyromagic.de\/index.php?rest_route=\/wp\/v2\/pages"}],"about":[{"href":"https:\/\/www.pyromagic.de\/index.php?rest_route=\/wp\/v2\/types\/page"}],"author":[{"embeddable":true,"href":"https:\/\/www.pyromagic.de\/index.php?rest_route=\/wp\/v2\/users\/1"}],"replies":[{"embeddable":true,"href":"https:\/\/www.pyromagic.de\/index.php?rest_route=%2Fwp%2Fv2%2Fcomments&post=43"}],"version-history":[{"count":14,"href":"https:\/\/www.pyromagic.de\/index.php?rest_route=\/wp\/v2\/pages\/43\/revisions"}],"predecessor-version":[{"id":545,"href":"https:\/\/www.pyromagic.de\/index.php?rest_route=\/wp\/v2\/pages\/43\/revisions\/545"}],"wp:attachment":[{"href":"https:\/\/www.pyromagic.de\/index.php?rest_route=%2Fwp%2Fv2%2Fmedia&parent=43"}],"curies":[{"name":"wp","href":"https:\/\/api.w.org\/{rel}","templated":true}]}}