{"id":41,"date":"2017-04-21T12:50:11","date_gmt":"2017-04-21T10:50:11","guid":{"rendered":"http:\/\/pyromagic.de\/?page_id=41"},"modified":"2020-11-09T22:18:10","modified_gmt":"2020-11-09T21:18:10","slug":"ueber-uns","status":"publish","type":"page","link":"https:\/\/www.pyromagic.de\/?page_id=41","title":{"rendered":"\u00dcber uns"},"content":{"rendered":"<div id=\"pl-41\"  class=\"panel-layout\" ><div id=\"pg-41-0\"  class=\"panel-grid panel-no-style\" ><div id=\"pgc-41-0-0\"  class=\"panel-grid-cell\" ><div id=\"panel-41-0-0-0\" class=\"so-panel widget widget_text panel-first-child\" data-index=\"0\" >\t\t\t<div class=\"textwidget\"><p>Seit der Firmengr\u00fcndung im Jahr 1993  besch\u00e4ftige ich mit professioneller Licht\u2013 und Pyrotechnik, doch seit einiger Zeit habe ich mich mehr auf den Verkauf von professioneller Pyro\u2013 und Veranstaltungstechnik sowie Showlaser spezialisiert und dadurch die Vermietung der Veranstaltungstechnik aufgegeben.<\/p>\n<p>Hiervon ist nicht der Bereich der Pyrotechnik betroffen, es gilt weiterhin:  Sei es bei privaten Feiern, Firmenpr\u00e4sentationen oder \u00f6ffentlichen Anl\u00e4ssen, stets sorge ich f\u00fcr feurige H\u00f6hepunkte.<\/p>\n<p>Sollten Sie ihre Feierlichkeit selber einem Feuerwerk beenden wollen, k\u00f6nnen Sie gerne das n\u00f6tige Equipment bei mir mieten und die passenden Feuerwerksk\u00f6rper erwerben. Dabei stehen Ihnen sowohl B\u00fchnenfeuerwerksk\u00f6rper und Z\u00fcndanlagen f\u00fcr Innen, sowie Silvesterfeuerwerksk\u00f6rper f\u00fcr Au\u00dfen zur Verf\u00fcgung.<\/p>\n<\/div>\n\t\t<\/div><div id=\"panel-41-0-0-1\" class=\"so-panel widget widget_media_image panel-last-child\" data-index=\"1\" ><h3 class=\"widget-title\">Ingo Bischoff<\/h3><div style=\"width: 210px\" class=\"wp-caption alignnone\"><img loading=\"lazy\" decoding=\"async\" width=\"200\" height=\"300\" src=\"https:\/\/www.pyromagic.de\/wp-content\/uploads\/2018\/07\/Ingo-6101-200x300.jpg\" class=\"image wp-image-158  attachment-medium size-medium\" alt=\"Ingo Bischoff, Foto Benedikt Rothkegel\" style=\"max-width: 100%; height: auto;\" srcset=\"https:\/\/www.pyromagic.de\/wp-content\/uploads\/2018\/07\/Ingo-6101-200x300.jpg 200w, https:\/\/www.pyromagic.de\/wp-content\/uploads\/2018\/07\/Ingo-6101.jpg 533w\" sizes=\"auto, (max-width: 200px) 100vw, 200px\" \/><p class=\"wp-caption-text\">Foto: Benedikt Rothkegel<\/p><\/div><\/div><\/div><div id=\"pgc-41-0-1\"  class=\"panel-grid-cell\" ><div id=\"panel-41-0-1-0\" class=\"so-panel widget widget_sow-image panel-first-child\" data-index=\"2\" ><div\n\t\t\t\n\t\t\tclass=\"so-widget-sow-image so-widget-sow-image-default-8b5b6f678277-41\"\n\t\t\t\n\t\t>\n<div class=\"sow-image-container\">\n\t\t<img \n\tsrc=\"https:\/\/www.pyromagic.de\/wp-content\/uploads\/2017\/04\/10952470_1100797776612880_4626088887171305740_n.jpg\" width=\"960\" height=\"720\" srcset=\"https:\/\/www.pyromagic.de\/wp-content\/uploads\/2017\/04\/10952470_1100797776612880_4626088887171305740_n.jpg 960w, https:\/\/www.pyromagic.de\/wp-content\/uploads\/2017\/04\/10952470_1100797776612880_4626088887171305740_n-300x225.jpg 300w, https:\/\/www.pyromagic.de\/wp-content\/uploads\/2017\/04\/10952470_1100797776612880_4626088887171305740_n-768x576.jpg 768w\" sizes=\"(max-width: 960px) 100vw, 960px\" alt=\"\" \t\tclass=\"so-widget-image\"\/>\n\t<\/div>\n\n<\/div><\/div><div id=\"panel-41-0-1-1\" class=\"so-panel widget widget_sow-image\" data-index=\"3\" ><div\n\t\t\t\n\t\t\tclass=\"so-widget-sow-image so-widget-sow-image-default-8b5b6f678277-41\"\n\t\t\t\n\t\t>\n<div class=\"sow-image-container\">\n\t\t<img \n\tsrc=\"https:\/\/www.pyromagic.de\/wp-content\/uploads\/2018\/07\/IMG_4355.jpg\" width=\"3264\" height=\"2448\" srcset=\"https:\/\/www.pyromagic.de\/wp-content\/uploads\/2018\/07\/IMG_4355.jpg 3264w, https:\/\/www.pyromagic.de\/wp-content\/uploads\/2018\/07\/IMG_4355-300x225.jpg 300w, https:\/\/www.pyromagic.de\/wp-content\/uploads\/2018\/07\/IMG_4355-768x576.jpg 768w, https:\/\/www.pyromagic.de\/wp-content\/uploads\/2018\/07\/IMG_4355-1024x768.jpg 1024w\" sizes=\"(max-width: 3264px) 100vw, 3264px\" alt=\"\" \t\tclass=\"so-widget-image\"\/>\n\t<\/div>\n\n<\/div><\/div><div id=\"panel-41-0-1-2\" class=\"so-panel widget widget_sow-image panel-last-child\" data-index=\"4\" ><div\n\t\t\t\n\t\t\tclass=\"so-widget-sow-image so-widget-sow-image-default-8b5b6f678277-41\"\n\t\t\t\n\t\t>\n<div class=\"sow-image-container\">\n\t\t<img \n\tsrc=\"https:\/\/www.pyromagic.de\/wp-content\/uploads\/2018\/07\/IMG_7082-e1532811137819.jpg\" width=\"2448\" height=\"3264\" srcset=\"https:\/\/www.pyromagic.de\/wp-content\/uploads\/2018\/07\/IMG_7082-e1532811137819.jpg 2448w, https:\/\/www.pyromagic.de\/wp-content\/uploads\/2018\/07\/IMG_7082-e1532811137819-225x300.jpg 225w, https:\/\/www.pyromagic.de\/wp-content\/uploads\/2018\/07\/IMG_7082-e1532811137819-768x1024.jpg 768w\" sizes=\"(max-width: 2448px) 100vw, 2448px\" title=\"IMG_7082\" alt=\"\" \t\tclass=\"so-widget-image\"\/>\n\t<\/div>\n\n<\/div><\/div><\/div><\/div><\/div>","protected":false},"excerpt":{"rendered":"<p>Seit der Firmengr\u00fcndung im Jahr 1993 besch\u00e4ftige ich mit professioneller Licht\u2013 und Pyrotechnik, doch seit einiger Zeit habe ich mich mehr auf den Verkauf von professioneller Pyro\u2013 und Veranstaltungstechnik sowie Showlaser spezialisiert und dadurch die Vermietung der Veranstaltungstechnik aufgegeben. Hiervon ist nicht der Bereich der Pyrotechnik betroffen, es gilt weiterhin: Sei es bei privaten Feiern, Firmenpr\u00e4sentationen oder \u00f6ffentlichen Anl\u00e4ssen, stets sorge ich f\u00fcr feurige H\u00f6hepunkte. Sollten Sie ihre Feierlichkeit selber einem Feuerwerk beenden wollen, k\u00f6nnen Sie gerne das n\u00f6tige Equipment bei mir mieten und die passenden Feuerwerksk\u00f6rper erwerben. Dabei stehen Ihnen sowohl B\u00fchnenfeuerwerksk\u00f6rper und Z\u00fcndanlagen f\u00fcr Innen, sowie Silvesterfeuerwerksk\u00f6rper f\u00fcr Au\u00dfen [&hellip;]<\/p>\n","protected":false},"author":1,"featured_media":0,"parent":0,"menu_order":0,"comment_status":"closed","ping_status":"closed","template":"template-full-width.php","meta":{"_crdt_document":"","footnotes":""},"class_list":["post-41","page","type-page","status-publish","hentry"],"_links":{"self":[{"href":"https:\/\/www.pyromagic.de\/index.php?rest_route=\/wp\/v2\/pages\/41","targetHints":{"allow":["GET"]}}],"collection":[{"href":"https:\/\/www.pyromagic.de\/index.php?rest_route=\/wp\/v2\/pages"}],"about":[{"href":"https:\/\/www.pyromagic.de\/index.php?rest_route=\/wp\/v2\/types\/page"}],"author":[{"embeddable":true,"href":"https:\/\/www.pyromagic.de\/index.php?rest_route=\/wp\/v2\/users\/1"}],"replies":[{"embeddable":true,"href":"https:\/\/www.pyromagic.de\/index.php?rest_route=%2Fwp%2Fv2%2Fcomments&post=41"}],"version-history":[{"count":18,"href":"https:\/\/www.pyromagic.de\/index.php?rest_route=\/wp\/v2\/pages\/41\/revisions"}],"predecessor-version":[{"id":554,"href":"https:\/\/www.pyromagic.de\/index.php?rest_route=\/wp\/v2\/pages\/41\/revisions\/554"}],"wp:attachment":[{"href":"https:\/\/www.pyromagic.de\/index.php?rest_route=%2Fwp%2Fv2%2Fmedia&parent=41"}],"curies":[{"name":"wp","href":"https:\/\/api.w.org\/{rel}","templated":true}]}}