{"id":207,"date":"2018-10-16T19:38:39","date_gmt":"2018-10-16T17:38:39","guid":{"rendered":"http:\/\/pyromagic.de\/?page_id=207"},"modified":"2025-02-22T11:34:31","modified_gmt":"2025-02-22T10:34:31","slug":"test","status":"publish","type":"page","link":"https:\/\/www.pyromagic.de\/?page_id=207","title":{"rendered":"Shop"},"content":{"rendered":"<div id=\"pl-207\"  class=\"panel-layout\" ><div id=\"pg-207-0\"  class=\"panel-grid panel-no-style\" ><div id=\"pgc-207-0-0\"  class=\"panel-grid-cell\" ><div id=\"panel-207-0-0-0\" class=\"so-panel widget widget_sow-editor panel-first-child panel-last-child\" data-index=\"0\" ><div\n\t\t\t\n\t\t\tclass=\"so-widget-sow-editor so-widget-sow-editor-base\"\n\t\t\t\n\t\t>\n<div class=\"siteorigin-widget-tinymce textwidget\">\n\t<p>Hier entsteht demn\u00e4chst mein Shop f\u00fcr Nebelmaschinen, Laser und Zubeh\u00f6r. Die Pyrotechnik kann aufgrund der komplexen Bestellvorg\u00e4nge ( Alternachweis, evtl. Nachweise einer Erlaubnis nach \u00a77 und Bef\u00e4higung nach \u00a720 SprengG. ) nur \u00fcber E-Mail und Preisliste bestellt werden.<\/p>\n<\/div>\n<\/div><\/div><\/div><\/div><div id=\"pg-207-1\"  class=\"panel-grid panel-no-style\" ><div id=\"pgc-207-1-0\"  class=\"panel-grid-cell panel-grid-cell-mobile-last\" ><div id=\"panel-207-1-0-0\" class=\"so-panel widget widget_sow-button panel-first-child panel-last-child\" data-index=\"1\" ><div\n\t\t\t\n\t\t\tclass=\"so-widget-sow-button so-widget-sow-button-atom-f54c0409268f-207\"\n\t\t\t\n\t\t><div class=\"ow-button-base ow-button-align-center\"\n>\n\t\t\t<a\n\t\t\t\t\thref=\"https:\/\/www.pyromagic.de\/?sdm_downloads=preisliste\"\n\t\t\t\t\tclass=\"sowb-button ow-icon-placement-left ow-button-hover\" \t>\n\t\t<span>\n\t\t\t\n\t\t\tPreisliste als PDF\t\t<\/span>\n\t\t\t<\/a>\n\t<\/div>\n<\/div><\/div><\/div><div id=\"pgc-207-1-1\"  class=\"panel-grid-cell panel-grid-cell-empty\" ><\/div><\/div><div id=\"pg-207-2\"  class=\"panel-grid panel-no-style\" ><div id=\"pgc-207-2-0\"  class=\"panel-grid-cell panel-grid-cell-empty\" ><\/div><div id=\"pgc-207-2-1\"  class=\"panel-grid-cell panel-grid-cell-mobile-last\" ><div id=\"panel-207-2-1-0\" class=\"so-panel widget widget_siteorigin-panels-builder panel-first-child panel-last-child\" data-index=\"2\" ><div id=\"pl-w67b23ff598b6c\"  class=\"panel-layout\" ><div id=\"pg-w67b23ff598b6c-0\"  class=\"panel-grid panel-no-style\" ><div id=\"pgc-w67b23ff598b6c-0-0\"  class=\"panel-grid-cell\" ><div id=\"panel-w67b23ff598b6c-0-0-0\" class=\"so-panel widget widget_sow-button panel-first-child panel-last-child\" data-index=\"0\" ><div\n\t\t\t\n\t\t\tclass=\"so-widget-sow-button so-widget-sow-button-atom-0e900367db5c\"\n\t\t\t\n\t\t><div class=\"ow-button-base ow-button-align-center\"\n>\n\t\t\t<a\n\t\t\t\t\thref=\"https:\/\/pyromagic-shop.sumupstore.com\/\"\n\t\t\t\t\tclass=\"sowb-button ow-icon-placement-top ow-button-hover\" target=\"_blank\" rel=\"noopener noreferrer\" \t>\n\t\t<span>\n\t\t\t<span class=\"sow-icon-fontawesome sow-fab\" data-sow-icon=\"&#xe057;\"\n\t\tstyle=\"color: #dd0d0d\" \n\t\taria-hidden=\"true\"><\/span>\n\t\t\tDer Shop ist ge\u00f6ffnet !\t\t<\/span>\n\t\t\t<\/a>\n\t<\/div>\n<\/div><\/div><\/div><\/div><\/div><\/div><\/div><div id=\"pgc-207-2-2\"  class=\"panel-grid-cell panel-grid-cell-empty\" ><\/div><\/div><\/div>","protected":false},"excerpt":{"rendered":"<p>Hier entsteht demn\u00e4chst mein Shop f\u00fcr Nebelmaschinen, Laser und Zubeh\u00f6r. Die Pyrotechnik kann aufgrund der komplexen Bestellvorg\u00e4nge ( Alternachweis, evtl. Nachweise einer Erlaubnis nach \u00a77 und Bef\u00e4higung nach \u00a720 SprengG. ) nur \u00fcber E-Mail und Preisliste bestellt werden.<\/p>\n","protected":false},"author":1,"featured_media":0,"parent":0,"menu_order":0,"comment_status":"closed","ping_status":"closed","template":"template-full-width.php","meta":{"_crdt_document":"","footnotes":""},"class_list":["post-207","page","type-page","status-publish","hentry"],"_links":{"self":[{"href":"https:\/\/www.pyromagic.de\/index.php?rest_route=\/wp\/v2\/pages\/207","targetHints":{"allow":["GET"]}}],"collection":[{"href":"https:\/\/www.pyromagic.de\/index.php?rest_route=\/wp\/v2\/pages"}],"about":[{"href":"https:\/\/www.pyromagic.de\/index.php?rest_route=\/wp\/v2\/types\/page"}],"author":[{"embeddable":true,"href":"https:\/\/www.pyromagic.de\/index.php?rest_route=\/wp\/v2\/users\/1"}],"replies":[{"embeddable":true,"href":"https:\/\/www.pyromagic.de\/index.php?rest_route=%2Fwp%2Fv2%2Fcomments&post=207"}],"version-history":[{"count":29,"href":"https:\/\/www.pyromagic.de\/index.php?rest_route=\/wp\/v2\/pages\/207\/revisions"}],"predecessor-version":[{"id":992,"href":"https:\/\/www.pyromagic.de\/index.php?rest_route=\/wp\/v2\/pages\/207\/revisions\/992"}],"wp:attachment":[{"href":"https:\/\/www.pyromagic.de\/index.php?rest_route=%2Fwp%2Fv2%2Fmedia&parent=207"}],"curies":[{"name":"wp","href":"https:\/\/api.w.org\/{rel}","templated":true}]}}