{"id":2,"date":"2017-01-05T16:49:22","date_gmt":"2017-01-05T14:49:22","guid":{"rendered":"http:\/\/pyromagic.de\/?page_id=2"},"modified":"2026-01-31T22:15:27","modified_gmt":"2026-01-31T21:15:27","slug":"beispiel-seite","status":"publish","type":"page","link":"https:\/\/www.pyromagic.de\/","title":{"rendered":"Wir f\u00fcr Sie"},"content":{"rendered":"<div id=\"pl-2\"  class=\"panel-layout\" ><div id=\"pg-2-0\"  class=\"panel-grid panel-no-style\" ><div id=\"pgc-2-0-0\"  class=\"panel-grid-cell\" ><div id=\"panel-2-0-0-0\" class=\"so-panel widget widget_sow-editor panel-first-child panel-last-child\" data-index=\"0\" ><div\n\t\t\t\n\t\t\tclass=\"so-widget-sow-editor so-widget-sow-editor-base\"\n\t\t\t\n\t\t>\n<div class=\"siteorigin-widget-tinymce textwidget\">\n\t<p>Fachh\u00e4ndler f\u00fcr B\u00fchnenpyrotechnik<\/p>\n<p>Exklusiv H\u00e4ndler f\u00fcr Nebelmaschinen und Zubeh\u00f6r von SMOKE FACTORY<\/p>\n<p>Autorisierter H\u00e4ndler f\u00fcr Showlaser und Zubeh\u00f6r von LASERWORLD<\/p>\n<p>Verkauf von Konfetti und Spezialeffekten<\/p>\n<p>Vertrieb von Pyrotechnik, B\u00f6llerpullver &amp; Spezialsprengstoffen<\/p>\n<p>Durchf\u00fchrung von pyrotechnischen Erlebnissen aller Art<\/p>\n<\/div>\n<\/div><\/div><\/div><div id=\"pgc-2-0-1\"  class=\"panel-grid-cell\" ><div id=\"panel-2-0-1-0\" class=\"so-panel widget widget_siteorigin-panels-builder panel-first-child panel-last-child\" data-index=\"1\" ><div id=\"pl-w606b15f71df6e\"  class=\"panel-layout\" ><div id=\"pg-w606b15f71df6e-0\"  class=\"panel-grid panel-no-style\" ><div id=\"pgc-w606b15f71df6e-0-0\"  class=\"panel-grid-cell\" >\n\t\t<div id=\"panel-w606b15f71df6e-0-0-0\" class=\"so-panel widget widget_recent-posts widget_recent_entries panel-first-child panel-last-child\" data-index=\"0\" >\n\t\t<h3 class=\"widget-title\">News<\/h3>\n\t\t<ul>\n\t\t\t\t\t\t\t\t\t\t\t<li>\n\t\t\t\t\t<a href=\"https:\/\/www.pyromagic.de\/?p=1059\">Die Abschusslisten zu den Vorf\u00fchrungen auf dem Das Pyroforum 2026<\/a>\n\t\t\t\t\t\t\t\t\t<\/li>\n\t\t\t\t\t\t\t\t\t\t\t<li>\n\t\t\t\t\t<a href=\"https:\/\/www.pyromagic.de\/?p=1035\">Dieses Jahr gibt es wieder einen Silvesterverkauf!<\/a>\n\t\t\t\t\t\t\t\t\t<\/li>\n\t\t\t\t\t\t\t\t\t\t\t<li>\n\t\t\t\t\t<a href=\"https:\/\/www.pyromagic.de\/?p=1005\">Die Abschussliste meiner Vorf\u00fchrung am Pyroforum 2025 ist Online<\/a>\n\t\t\t\t\t\t\t\t\t<\/li>\n\t\t\t\t\t<\/ul>\n\n\t\t<\/div><\/div><\/div><\/div><\/div><\/div><\/div><div id=\"pg-2-1\"  class=\"panel-grid panel-no-style\" ><div id=\"pgc-2-1-0\"  class=\"panel-grid-cell panel-grid-cell-empty\" ><\/div><div id=\"pgc-2-1-1\"  class=\"panel-grid-cell panel-grid-cell-mobile-last\" ><div id=\"panel-2-1-1-0\" class=\"so-panel widget widget_sow-button panel-first-child panel-last-child\" data-index=\"2\" ><div\n\t\t\t\n\t\t\tclass=\"so-widget-sow-button so-widget-sow-button-flat-36e22cfc6189-2\"\n\t\t\t\n\t\t><div class=\"ow-button-base ow-button-align-center\"\n>\n\t\t\t<a\n\t\t\t\t\thref=\"https:\/\/pyromagic-shop.sumupstore.com\/\"\n\t\t\t\t\tclass=\"sowb-button ow-icon-placement-top ow-button-hover\" target=\"_blank\" rel=\"noopener noreferrer\" \t>\n\t\t<span>\n\t\t\t<span class=\"sow-icon-fontawesome sow-fab\" data-sow-icon=\"&#xe057;\"\n\t\tstyle=\"color: #dd0000\" \n\t\taria-hidden=\"true\"><\/span>\n\t\t\tDer Shop ist jetzt ge\u00f6ffnet\t\t<\/span>\n\t\t\t<\/a>\n\t<\/div>\n<\/div><\/div><\/div><div id=\"pgc-2-1-2\"  class=\"panel-grid-cell panel-grid-cell-empty\" ><\/div><\/div><div id=\"pg-2-2\"  class=\"panel-grid panel-no-style\" ><div id=\"pgc-2-2-0\"  class=\"panel-grid-cell\" ><div id=\"panel-2-2-0-0\" class=\"so-panel widget widget_siteorigin-panels-builder panel-first-child panel-last-child\" data-index=\"3\" ><div id=\"pl-w606b15f71e2ec\"  class=\"panel-layout\" ><div id=\"pg-w606b15f71e2ec-0\"  class=\"panel-grid panel-no-style\" ><div id=\"pgc-w606b15f71e2ec-0-0\"  class=\"panel-grid-cell\" ><div id=\"panel-w606b15f71e2ec-0-0-0\" class=\"so-panel widget widget_media_image panel-first-child panel-last-child\" data-index=\"0\" ><img loading=\"lazy\" decoding=\"async\" width=\"300\" height=\"121\" src=\"https:\/\/www.pyromagic.de\/wp-content\/uploads\/2019\/11\/LaserworldLaserschutz-300x121.jpg\" class=\"image wp-image-470  attachment-medium size-medium\" alt=\"\" style=\"max-width: 100%; height: auto;\" srcset=\"https:\/\/www.pyromagic.de\/wp-content\/uploads\/2019\/11\/LaserworldLaserschutz-300x121.jpg 300w, https:\/\/www.pyromagic.de\/wp-content\/uploads\/2019\/11\/LaserworldLaserschutz-768x310.jpg 768w, https:\/\/www.pyromagic.de\/wp-content\/uploads\/2019\/11\/LaserworldLaserschutz.jpg 960w\" sizes=\"auto, (max-width: 300px) 100vw, 300px\" \/><\/div><\/div><\/div><div id=\"pg-w606b15f71e2ec-1\"  class=\"panel-grid panel-no-style\" ><div id=\"pgc-w606b15f71e2ec-1-0\"  class=\"panel-grid-cell\" ><div id=\"panel-w606b15f71e2ec-1-0-0\" class=\"so-panel widget widget_text panel-first-child panel-last-child\" data-index=\"1\" >\t\t\t<div class=\"textwidget\"><div id=\"js_jz\" class=\"_5pbx userContent _3576\" data-testid=\"post_message\" data-ft=\"{&quot;tn&quot;:&quot;K&quot;}\">\n<p>Durch einen Zeitmangel meinerseits und eine Umstrukturierung vom Laserschutzseminarsystem von Laserworld, werde ich in Zukunft keine selbst organisierten Seminare mehr anbieten. Interessenten erhalten aber die M\u00f6glichkeit eines Rabattes, wenn sie \u00fcber PYROMAGIC Inh. Ingo Bischoff vermittelt werden. Kontaktieren sie mich \u00fcber <a href=\"mailto:info@pyromagic.de\">info@pyromagic.de<\/a> f\u00fcr weitere Details<\/p>\n<\/div>\n<\/div>\n\t\t<\/div><\/div><\/div><\/div><\/div><\/div><div id=\"pgc-2-2-1\"  class=\"panel-grid-cell\" ><\/div><\/div><div id=\"pg-2-3\"  class=\"panel-grid panel-no-style\" ><div id=\"pgc-2-3-0\"  class=\"panel-grid-cell\" ><div id=\"panel-2-3-0-0\" class=\"so-panel widget widget_sow-editor panel-first-child panel-last-child\" data-index=\"5\" ><div\n\t\t\t\n\t\t\tclass=\"so-widget-sow-editor so-widget-sow-editor-base\"\n\t\t\t\n\t\t>\n<div class=\"siteorigin-widget-tinymce textwidget\">\n\t<p><strong>Ich freue mich auf Ihr Feedback bei Google<br \/>\n<\/strong><\/p>\n<p><strong>Ver\u00f6ffentlichen Sie doch eine Rezension in meinem Profil.<\/strong><\/p>\n<p><strong><a href=\"https:\/\/g.page\/r\/CRusnmaciDhrEAg\/review\">https:\/\/g.page\/r\/CRusnmaciDhrEAg\/review<\/a><\/strong><\/p>\n<p>&nbsp;<\/p>\n<h2><strong><span style=\"color: #0000ff;\">NEU:\u00a0 Ab sofort ist bei Abholung auch die Zahlung \u00fcber <\/span><\/strong><strong><span style=\"color: #0000ff;\">Karte m\u00f6glich!<\/span><\/strong><\/h2>\n<p>&nbsp;<\/p>\n<p>&nbsp;<\/p>\n<p>&nbsp;<\/p>\n<\/div>\n<\/div><\/div><\/div><div id=\"pgc-2-3-1\"  class=\"panel-grid-cell\" ><div id=\"panel-2-3-1-0\" class=\"so-panel widget widget_sow-image panel-first-child panel-last-child\" data-index=\"6\" ><div\n\t\t\t\n\t\t\tclass=\"so-widget-sow-image so-widget-sow-image-default-8b5b6f678277-2\"\n\t\t\t\n\t\t><h3 class=\"widget-title\">Mitglied im Deutscher Sprengverband e.V.<\/h3>\n<div class=\"sow-image-container\">\n\t\t\t<a href=\"https:\/\/www.sprengverband.de\"\n\t\t\ttarget=\"_blank\" rel=\"noopener noreferrer\" \t\t>\n\t\t\t<img \n\tsrc=\"https:\/\/www.pyromagic.de\/wp-content\/uploads\/2018\/11\/Logo_DSV.png\" width=\"821\" height=\"804\" srcset=\"https:\/\/www.pyromagic.de\/wp-content\/uploads\/2018\/11\/Logo_DSV.png 821w, https:\/\/www.pyromagic.de\/wp-content\/uploads\/2018\/11\/Logo_DSV-300x294.png 300w, https:\/\/www.pyromagic.de\/wp-content\/uploads\/2018\/11\/Logo_DSV-768x752.png 768w\" sizes=\"(max-width: 821px) 100vw, 821px\" title=\"Mitglied im Deutscher Sprengverband e.V.\" alt=\"Mitglied im Deutscher Sprengverband e.V.\" \t\tclass=\"so-widget-image\"\/>\n\t\t\t<\/a><\/div>\n\n<\/div><\/div><\/div><\/div><\/div>","protected":false},"excerpt":{"rendered":"<p>Fachh\u00e4ndler f\u00fcr B\u00fchnenpyrotechnik Exklusiv H\u00e4ndler f\u00fcr Nebelmaschinen und Zubeh\u00f6r von SMOKE FACTORY Autorisierter H\u00e4ndler f\u00fcr Showlaser und Zubeh\u00f6r von LASERWORLD Verkauf von Konfetti und Spezialeffekten Vertrieb von Pyrotechnik, B\u00f6llerpullver &amp; Spezialsprengstoffen Durchf\u00fchrung von pyrotechnischen Erlebnissen aller Art<\/p>\n","protected":false},"author":1,"featured_media":0,"parent":0,"menu_order":0,"comment_status":"closed","ping_status":"open","template":"","meta":{"_crdt_document":"","footnotes":""},"class_list":["post-2","page","type-page","status-publish","hentry"],"_links":{"self":[{"href":"https:\/\/www.pyromagic.de\/index.php?rest_route=\/wp\/v2\/pages\/2","targetHints":{"allow":["GET"]}}],"collection":[{"href":"https:\/\/www.pyromagic.de\/index.php?rest_route=\/wp\/v2\/pages"}],"about":[{"href":"https:\/\/www.pyromagic.de\/index.php?rest_route=\/wp\/v2\/types\/page"}],"author":[{"embeddable":true,"href":"https:\/\/www.pyromagic.de\/index.php?rest_route=\/wp\/v2\/users\/1"}],"replies":[{"embeddable":true,"href":"https:\/\/www.pyromagic.de\/index.php?rest_route=%2Fwp%2Fv2%2Fcomments&post=2"}],"version-history":[{"count":127,"href":"https:\/\/www.pyromagic.de\/index.php?rest_route=\/wp\/v2\/pages\/2\/revisions"}],"predecessor-version":[{"id":1047,"href":"https:\/\/www.pyromagic.de\/index.php?rest_route=\/wp\/v2\/pages\/2\/revisions\/1047"}],"wp:attachment":[{"href":"https:\/\/www.pyromagic.de\/index.php?rest_route=%2Fwp%2Fv2%2Fmedia&parent=2"}],"curies":[{"name":"wp","href":"https:\/\/api.w.org\/{rel}","templated":true}]}}